{"id":2,"date":"2025-02-20T19:58:23","date_gmt":"2025-02-20T18:58:23","guid":{"rendered":"http:\/\/biosphera.life\/?page_id=2"},"modified":"2026-03-13T00:34:52","modified_gmt":"2026-03-12T23:34:52","slug":"sample-page","status":"publish","type":"page","link":"https:\/\/biosphera.life\/en\/sample-page\/","title":{"rendered":"Sailing on the Biosphera"},"content":{"rendered":"<div class=\"wp-block-cover alignfull is-light has-custom-content-position is-position-top-left\"><img loading=\"lazy\" decoding=\"async\" width=\"1024\" height=\"579\" class=\"wp-block-cover__image-background wp-image-2807\" alt=\"\" src=\"https:\/\/biosphera.life\/wp-content\/uploads\/2025\/11\/9f88f758-0f3c-44ad-bccf-59754a8083b8-1024x579.jpg\" style=\"object-position:53% 87%\" data-object-fit=\"cover\" data-object-position=\"53% 87%\" srcset=\"https:\/\/biosphera.life\/wp-content\/uploads\/2025\/11\/9f88f758-0f3c-44ad-bccf-59754a8083b8-1024x579.jpg 1024w, https:\/\/biosphera.life\/wp-content\/uploads\/2025\/11\/9f88f758-0f3c-44ad-bccf-59754a8083b8-300x170.jpg 300w, https:\/\/biosphera.life\/wp-content\/uploads\/2025\/11\/9f88f758-0f3c-44ad-bccf-59754a8083b8-768x434.jpg 768w, https:\/\/biosphera.life\/wp-content\/uploads\/2025\/11\/9f88f758-0f3c-44ad-bccf-59754a8083b8-1536x868.jpg 1536w, https:\/\/biosphera.life\/wp-content\/uploads\/2025\/11\/9f88f758-0f3c-44ad-bccf-59754a8083b8-18x10.jpg 18w, https:\/\/biosphera.life\/wp-content\/uploads\/2025\/11\/9f88f758-0f3c-44ad-bccf-59754a8083b8.jpg 1600w\" sizes=\"auto, (max-width: 1024px) 100vw, 1024px\" \/><span aria-hidden=\"true\" class=\"wp-block-cover__background has-background-dim-0 has-background-dim\"><\/span><div class=\"wp-block-cover__inner-container is-layout-flow wp-block-cover-is-layout-flow\">\n\n<p class=\"has-text-align-center has-large-font-size\"><\/p>\n\n<\/div><\/div>\n\n\n\n<p>We look forward to sharing our impressions and experiences with you - virtually via this blog but also live on our trip. We will spend the next few months sailing in the Caribbean, one of the most beautiful sailing areas in the world. We will visit biosphere reserves such as Tobago, Guadeloupe, Nevis St. Kitts and later Cuba, sail past great kite and snorkelling spots such as the Tobago Keys and visit densely forested islands such as Domenica and St. Vincent. &nbsp;<\/p>\n\n\n\n<p>The Biosphera has 3 double cabins and theoretically two single cabins, but we use them for storage. So we can take up to four people with us, and with 2-3 fellow sailors it's really relaxed. The double beds are not wide, so it's more for people who know and like each other. But there is also a bench in the saloon and two benches outside where you can sleep well.<\/p>\n\n\n\n<p>You don't have to be able to sail to join us, the longer distances are over for now. The requirement lies more in living together in a confined space.<\/p>\n\n\n\n<p>As the boat is also associated with high costs for us, we would be pleased to receive a contribution towards the costs. The amount should be somewhere in the region of \u20ac350 - \u20ac700 per week and person and will also depend on your means. Especially if you are new to travelling on a boat, a week is a good time to get to know it.<\/p>\n\n\n\n<p>We regularly adjust our route slightly, below you will find an overview of the planned sections. If you are interested in sailing with us, we can coordinate flights and boarding options in detail.<\/p>\n\n\n\n<figure class=\"wp-block-table\"><table class=\"has-fixed-layout\"><tbody><tr><td><strong>Period<\/strong><\/td><td><strong>Area<\/strong><\/td><\/tr><tr><td>End of January<\/td><td>Barbados<\/td><\/tr><tr><td>Beginning to mid-February<\/td><td>Tobago<\/td><\/tr><tr><td>Mid-February to end of February<\/td><td>Grenada, Cariacou<\/td><\/tr><tr><td>End of February to beginning of March<\/td><td>Grenadines, St Vincent<\/td><\/tr><tr><td>Beginning \/ middle of March<\/td><td>Martinique, Domenica<\/td><\/tr><tr><td>Mid-end of March<\/td><td>Guadeloupe, Antigua, Barbuda<\/td><\/tr><tr><td>Beginning of April<\/td><td>Nevis \/ St. Kitts<\/td><\/tr><tr><td>Mid April<\/td><td>British Virgin Island<\/td><\/tr><tr><td>Mid-end of April<\/td><td>Puerto Rico \/ Domenican Rep.<\/td><\/tr><tr><td>May<\/td><td>Cuba<\/td><\/tr><tr><td>June<\/td><td>Mexico and Belize<\/td><\/tr><tr><td>July<\/td><td>Rio Dulce, Guatemala<\/td><\/tr><\/tbody><\/table><\/figure>\n\n\n\n<p>If you are interested in accompanying us on a section, please send us an email to hello@biosphera.life .<\/p>\n\n\n\n<p><\/p>","protected":false},"excerpt":{"rendered":"<p>Wir freuen uns, unsere Eindr\u00fccke und Erlebnisse mit euch zu teilen \u2013 virtuell \u00fcber diesen Blog aber auch gern live auf unserer Reise. Wir werden die n\u00e4chsten Monate in der Karibik segeln, einem der sch\u00f6nsten Segelreviere der Welt. Wir werden dabei Biosph\u00e4renreservate, wie Tobago, Guadeloupe, Nevis St. Kitts und sp\u00e4ter auf Kuba besuchen, an tollen [&hellip;]<\/p>\n","protected":false},"author":1,"featured_media":0,"parent":0,"menu_order":0,"comment_status":"closed","ping_status":"open","template":"","meta":{"_uag_custom_page_level_css":"","site-sidebar-layout":"default","site-content-layout":"","ast-site-content-layout":"default","site-content-style":"default","site-sidebar-style":"default","ast-global-header-display":"","ast-banner-title-visibility":"","ast-main-header-display":"","ast-hfb-above-header-display":"","ast-hfb-below-header-display":"","ast-hfb-mobile-header-display":"","site-post-title":"","ast-breadcrumbs-content":"","ast-featured-img":"","footer-sml-layout":"","ast-disable-related-posts":"","theme-transparent-header-meta":"","adv-header-id-meta":"","stick-header-meta":"","header-above-stick-meta":"","header-main-stick-meta":"","header-below-stick-meta":"","astra-migrate-meta-layouts":"set","ast-page-background-enabled":"default","ast-page-background-meta":{"desktop":{"background-color":"","background-image":"","background-repeat":"repeat","background-position":"center center","background-size":"auto","background-attachment":"scroll","background-type":"","background-media":"","overlay-type":"","overlay-color":"","overlay-opacity":"","overlay-gradient":""},"tablet":{"background-color":"","background-image":"","background-repeat":"repeat","background-position":"center center","background-size":"auto","background-attachment":"scroll","background-type":"","background-media":"","overlay-type":"","overlay-color":"","overlay-opacity":"","overlay-gradient":""},"mobile":{"background-color":"","background-image":"","background-repeat":"repeat","background-position":"center center","background-size":"auto","background-attachment":"scroll","background-type":"","background-media":"","overlay-type":"","overlay-color":"","overlay-opacity":"","overlay-gradient":""}},"ast-content-background-meta":{"desktop":{"background-color":"var(--ast-global-color-5)","background-image":"","background-repeat":"repeat","background-position":"center center","background-size":"auto","background-attachment":"scroll","background-type":"","background-media":"","overlay-type":"","overlay-color":"","overlay-opacity":"","overlay-gradient":""},"tablet":{"background-color":"var(--ast-global-color-5)","background-image":"","background-repeat":"repeat","background-position":"center center","background-size":"auto","background-attachment":"scroll","background-type":"","background-media":"","overlay-type":"","overlay-color":"","overlay-opacity":"","overlay-gradient":""},"mobile":{"background-color":"var(--ast-global-color-5)","background-image":"","background-repeat":"repeat","background-position":"center center","background-size":"auto","background-attachment":"scroll","background-type":"","background-media":"","overlay-type":"","overlay-color":"","overlay-opacity":"","overlay-gradient":""}},"footnotes":""},"class_list":["post-2","page","type-page","status-publish","hentry"],"uagb_featured_image_src":{"full":false,"thumbnail":false,"medium":false,"medium_large":false,"large":false,"1536x1536":false,"2048x2048":false,"trp-custom-language-flag":false},"uagb_author_info":{"display_name":"Martin","author_link":"https:\/\/biosphera.life\/en\/author\/martin\/"},"uagb_comment_info":0,"uagb_excerpt":"Wir freuen uns, unsere Eindr\u00fccke und Erlebnisse mit euch zu teilen \u2013 virtuell \u00fcber diesen Blog aber auch gern live auf unserer Reise. Wir werden die n\u00e4chsten Monate in der Karibik segeln, einem der sch\u00f6nsten Segelreviere der Welt. Wir werden dabei Biosph\u00e4renreservate, wie Tobago, Guadeloupe, Nevis St. Kitts und sp\u00e4ter auf Kuba besuchen, an tollen&hellip;","_links":{"self":[{"href":"https:\/\/biosphera.life\/en\/wp-json\/wp\/v2\/pages\/2","targetHints":{"allow":["GET"]}}],"collection":[{"href":"https:\/\/biosphera.life\/en\/wp-json\/wp\/v2\/pages"}],"about":[{"href":"https:\/\/biosphera.life\/en\/wp-json\/wp\/v2\/types\/page"}],"author":[{"embeddable":true,"href":"https:\/\/biosphera.life\/en\/wp-json\/wp\/v2\/users\/1"}],"replies":[{"embeddable":true,"href":"https:\/\/biosphera.life\/en\/wp-json\/wp\/v2\/comments?post=2"}],"version-history":[{"count":8,"href":"https:\/\/biosphera.life\/en\/wp-json\/wp\/v2\/pages\/2\/revisions"}],"predecessor-version":[{"id":3441,"href":"https:\/\/biosphera.life\/en\/wp-json\/wp\/v2\/pages\/2\/revisions\/3441"}],"wp:attachment":[{"href":"https:\/\/biosphera.life\/en\/wp-json\/wp\/v2\/media?parent=2"}],"curies":[{"name":"wp","href":"https:\/\/api.w.org\/{rel}","templated":true}]}}