{"id":1720,"date":"2025-05-18T12:13:19","date_gmt":"2025-05-18T10:13:19","guid":{"rendered":"http:\/\/biosphera.life\/about\/"},"modified":"2026-02-01T12:50:17","modified_gmt":"2026-02-01T11:50:17","slug":"about","status":"publish","type":"page","link":"https:\/\/biosphera.life\/en\/about\/","title":{"rendered":"About"},"content":{"rendered":"<div class=\"wp-block-uagb-container uagb-block-3cccbad4 alignfull uagb-is-root-container\"><div class=\"uagb-container-inner-blocks-wrap\">\n<div class=\"wp-block-uagb-advanced-heading uagb-block-b2acb170\"><\/div>\n<\/div><\/div>\n\n\n\n<div class=\"wp-block-uagb-container uagb-layout-grid uagb-block-8fd792d8 alignfull uagb-is-root-container\"><div class=\"uagb-container-inner-blocks-wrap\">\n<div class=\"wp-block-uagb-container uagb-block-3cc4a0cb\">\n<div class=\"wp-block-columns is-layout-flex wp-container-core-columns-is-layout-28f84493 wp-block-columns-is-layout-flex\">\n<div class=\"wp-block-column is-layout-flow wp-block-column-is-layout-flow\" style=\"flex-basis:100%\">\n<div class=\"wp-block-uagb-info-box uagb-block-03af5882 uagb-infobox__content-wrap  uagb-infobox-icon-above-title uagb-infobox-image-valign-top wp-block-uagb-info-box--has-margin\"><div class=\"uagb-infobox-margin-wrapper\"><div class=\"uagb-ifb-content\"><div class=\"uagb-ifb-title-wrap\"><h4 class=\"uagb-ifb-title-prefix\">Martin &amp; Katja<\/h4><h2 class=\"uagb-ifb-title\">Welcome to<\/h2><\/div><p class=\"uagb-ifb-desc\"><strong>Prof Dr Katja Arzt<\/strong><br>I have been a Professor of Regional Development and Social Processes since 2021 and am constantly working on questions of how sustainable regional development can be developed and continuously improved with and for the people in regions. In doing so, I focus on the integration of people, among other things. My experience with communication processes on conflicts with nature conservation issues in rural areas is particularly helpful here. I teach moderation methods and the theory and application of participation processes in the Master's programme \"Sustainable Regional Development\" and I teach \"holistic project management\" using practical examples. In the module \"Stakeholder communication in biosphere reserves\", students on the international degree programme \"Biosphere Reserves Management\" deal specifically with communication options in biosphere reserves worldwide.<br>I have a degree in agricultural engineering and am a trained mediator. <br>Sailing is the start of a new chapter for me, the marine ecosystem is new to me because I was more concerned with the land and its people. I'm very curious to see what awaits me!<br><br>You can find out more about the degree programmes I teach on here:<br><a href=\"https:\/\/www.hnee.de\/studium\/master\/nachhaltige-regionalentwicklung\">https:\/\/www.hnee.de\/studium\/master\/nachhaltige-regionalentwicklung<\/a><br><br><a href=\"https:\/\/www.hnee.de\/studium\/master\/biosphere-reserves-management\">https:\/\/www.hnee.de\/studium\/master\/biosphere-reserves-management<\/a><br><br><br>\u00a0<strong>Martin Hess<\/strong><br>In my professional career, I have worked in various roles in different environments, from architecture and planning to marketing and consulting, from buyer, trainer and manager in an international company to facilitator of groups and coach for negotiations. <br>I've been sailing since I was a child, crossed the Atlantic for the first time in 2019 and have been working as a skipper for charter trips since 2022. For me, life on a boat means freedom and independence, a life close to the elements and essential topics.<\/p><\/div><\/div><\/div>\n<\/div>\n<\/div>\n\n\n\n<h3 class=\"wp-block-heading\">Biosphera - our boat:<\/h3>\n\n\n\n<p>Our Biosphera is a Neel 43, the smallest trimaran from the French shipyard Neel. We sail under the French flag.<\/p>\n\n\n\n<p>Here are a few key points about the boat; if you want to know more, we'll add it:<\/p>\n<\/div>\n\n\n\n<figure class=\"wp-block-image size-full is-resized\"><img loading=\"lazy\" decoding=\"async\" width=\"790\" height=\"600\" src=\"https:\/\/biosphera.life\/wp-content\/uploads\/2025\/06\/img_5571-e1753871702635.jpg\" alt=\"\" class=\"wp-image-2346\" style=\"width:461px;height:auto\" srcset=\"https:\/\/biosphera.life\/wp-content\/uploads\/2025\/06\/img_5571-e1753871702635.jpg 790w, https:\/\/biosphera.life\/wp-content\/uploads\/2025\/06\/img_5571-e1753871702635-300x228.jpg 300w, https:\/\/biosphera.life\/wp-content\/uploads\/2025\/06\/img_5571-e1753871702635-768x583.jpg 768w\" sizes=\"auto, (max-width: 790px) 100vw, 790px\" \/><figcaption class=\"wp-element-caption\">The first test drive with the Biosphera<\/figcaption><\/figure>\n\n\n\n<ul class=\"wp-block-list\">\n<li>Overall length: 12.50m<\/li>\n\n\n\n<li>Width: 7.40m<\/li>\n\n\n\n<li>Draught: 1.50m<\/li>\n\n\n\n<li>Displacement (empty): 9t<\/li>\n\n\n\n<li>Engine: Volvo Penta D2-50, 50hp<\/li>\n\n\n\n<li>Saildrive with 2-blade fixed pitch propeller (still)<\/li>\n\n\n\n<li>Diesel: 280l<\/li>\n\n\n\n<li>Water: 480 litres<\/li>\n\n\n\n<li>Watermaker with 105 l\/h at 35A\/12V<\/li>\n\n\n\n<li>Hot water boiler with 60 litres (only under engine or shore power)<\/li>\n\n\n\n<li>Energy: 5x200Ah lithium batteries<\/li>\n\n\n\n<li>Solar: 1200W nominal (we've never had this before...)<\/li>\n\n\n\n<li>1800W inverter (12V -&gt; 220V)<\/li>\n\n\n\n<li>Gas cooker with 2 burners + oven; 3kg butane gas<\/li>\n\n\n\n<li>Plancha with 3 kg butane gas<\/li>\n\n\n\n<li>Sailing: <\/li>\n\n\n\n<li>Mainsail: 60m\u00b2, 2 reefs<\/li>\n\n\n\n<li>Genoa 40m\u00b2, not self-tacking<\/li>\n\n\n\n<li>Code D: 110m\u00b2<\/li>\n\n\n\n<li>Cabins:<\/li>\n\n\n\n<li>3 double cabins with berths between 1.30m and 1.50m wide and 2.00m long<\/li>\n\n\n\n<li>2 single cabins<\/li>\n<\/ul>\n<\/div><\/div>","protected":false},"excerpt":{"rendered":"<p>Biosphera - our boat: Our Biosphera is a Neel 43, the smallest trimaran from the French shipyard Neel. We sail under the French flag. Below are a few key points about the boat, if you want to know more, we will add it:<\/p>","protected":false},"author":1,"featured_media":0,"parent":0,"menu_order":0,"comment_status":"closed","ping_status":"closed","template":"","meta":{"_uag_custom_page_level_css":"","site-sidebar-layout":"no-sidebar","site-content-layout":"plain-container","ast-site-content-layout":"normal-width-container","site-content-style":"unboxed","site-sidebar-style":"unboxed","ast-global-header-display":"","ast-banner-title-visibility":"","ast-main-header-display":"","ast-hfb-above-header-display":"","ast-hfb-below-header-display":"","ast-hfb-mobile-header-display":"","site-post-title":"disabled","ast-breadcrumbs-content":"","ast-featured-img":"disabled","footer-sml-layout":"","ast-disable-related-posts":"","theme-transparent-header-meta":"default","adv-header-id-meta":"","stick-header-meta":"","header-above-stick-meta":"","header-main-stick-meta":"","header-below-stick-meta":"","astra-migrate-meta-layouts":"set","ast-page-background-enabled":"default","ast-page-background-meta":{"desktop":{"background-color":"","background-image":"","background-repeat":"repeat","background-position":"center center","background-size":"auto","background-attachment":"scroll","background-type":"","background-media":"","overlay-type":"","overlay-color":"","overlay-opacity":"","overlay-gradient":""},"tablet":{"background-color":"","background-image":"","background-repeat":"repeat","background-position":"center center","background-size":"auto","background-attachment":"scroll","background-type":"","background-media":"","overlay-type":"","overlay-color":"","overlay-opacity":"","overlay-gradient":""},"mobile":{"background-color":"","background-image":"","background-repeat":"repeat","background-position":"center center","background-size":"auto","background-attachment":"scroll","background-type":"","background-media":"","overlay-type":"","overlay-color":"","overlay-opacity":"","overlay-gradient":""}},"ast-content-background-meta":{"desktop":{"background-color":"var(--ast-global-color-5)","background-image":"","background-repeat":"repeat","background-position":"center center","background-size":"auto","background-attachment":"scroll","background-type":"","background-media":"","overlay-type":"","overlay-color":"","overlay-opacity":"","overlay-gradient":""},"tablet":{"background-color":"var(--ast-global-color-5)","background-image":"","background-repeat":"repeat","background-position":"center center","background-size":"auto","background-attachment":"scroll","background-type":"","background-media":"","overlay-type":"","overlay-color":"","overlay-opacity":"","overlay-gradient":""},"mobile":{"background-color":"var(--ast-global-color-5)","background-image":"","background-repeat":"repeat","background-position":"center center","background-size":"auto","background-attachment":"scroll","background-type":"","background-media":"","overlay-type":"","overlay-color":"","overlay-opacity":"","overlay-gradient":""}},"footnotes":""},"class_list":["post-1720","page","type-page","status-publish","hentry"],"uagb_featured_image_src":{"full":false,"thumbnail":false,"medium":false,"medium_large":false,"large":false,"1536x1536":false,"2048x2048":false,"trp-custom-language-flag":false},"uagb_author_info":{"display_name":"Martin","author_link":"https:\/\/biosphera.life\/en\/author\/martin\/"},"uagb_comment_info":0,"uagb_excerpt":"Biosphera &#8211; unser Boot: Unsere Biosphera ist eine Neel 43, der kleinste Trimaran der franz\u00f6sischen Werft Neel. Wir fahren unter franz\u00f6sischer Flagge. Im Folgenden ein paar Eckpunkte zum Boot, wenn ihr weiteres wissen wollt, werden wir das erg\u00e4nzen:","_links":{"self":[{"href":"https:\/\/biosphera.life\/en\/wp-json\/wp\/v2\/pages\/1720","targetHints":{"allow":["GET"]}}],"collection":[{"href":"https:\/\/biosphera.life\/en\/wp-json\/wp\/v2\/pages"}],"about":[{"href":"https:\/\/biosphera.life\/en\/wp-json\/wp\/v2\/types\/page"}],"author":[{"embeddable":true,"href":"https:\/\/biosphera.life\/en\/wp-json\/wp\/v2\/users\/1"}],"replies":[{"embeddable":true,"href":"https:\/\/biosphera.life\/en\/wp-json\/wp\/v2\/comments?post=1720"}],"version-history":[{"count":9,"href":"https:\/\/biosphera.life\/en\/wp-json\/wp\/v2\/pages\/1720\/revisions"}],"predecessor-version":[{"id":3242,"href":"https:\/\/biosphera.life\/en\/wp-json\/wp\/v2\/pages\/1720\/revisions\/3242"}],"wp:attachment":[{"href":"https:\/\/biosphera.life\/en\/wp-json\/wp\/v2\/media?parent=1720"}],"curies":[{"name":"wp","href":"https:\/\/api.w.org\/{rel}","templated":true}]}}