{"id":2,"date":"2025-02-20T19:58:23","date_gmt":"2025-02-20T18:58:23","guid":{"rendered":"http:\/\/biosphera.life\/?page_id=2"},"modified":"2026-03-13T00:34:52","modified_gmt":"2026-03-12T23:34:52","slug":"sample-page","status":"publish","type":"page","link":"https:\/\/biosphera.life\/de_de\/sample-page\/","title":{"rendered":"Mitsegeln auf der Biosphera"},"content":{"rendered":"\n<div class=\"wp-block-cover alignfull is-light has-custom-content-position is-position-top-left\"><img loading=\"lazy\" decoding=\"async\" width=\"1024\" height=\"579\" class=\"wp-block-cover__image-background wp-image-2807\" alt=\"\" src=\"https:\/\/biosphera.life\/wp-content\/uploads\/2025\/11\/9f88f758-0f3c-44ad-bccf-59754a8083b8-1024x579.jpg\" style=\"object-position:53% 87%\" data-object-fit=\"cover\" data-object-position=\"53% 87%\" srcset=\"https:\/\/biosphera.life\/wp-content\/uploads\/2025\/11\/9f88f758-0f3c-44ad-bccf-59754a8083b8-1024x579.jpg 1024w, https:\/\/biosphera.life\/wp-content\/uploads\/2025\/11\/9f88f758-0f3c-44ad-bccf-59754a8083b8-300x170.jpg 300w, https:\/\/biosphera.life\/wp-content\/uploads\/2025\/11\/9f88f758-0f3c-44ad-bccf-59754a8083b8-768x434.jpg 768w, https:\/\/biosphera.life\/wp-content\/uploads\/2025\/11\/9f88f758-0f3c-44ad-bccf-59754a8083b8-1536x868.jpg 1536w, https:\/\/biosphera.life\/wp-content\/uploads\/2025\/11\/9f88f758-0f3c-44ad-bccf-59754a8083b8-18x10.jpg 18w, https:\/\/biosphera.life\/wp-content\/uploads\/2025\/11\/9f88f758-0f3c-44ad-bccf-59754a8083b8.jpg 1600w\" sizes=\"auto, (max-width: 1024px) 100vw, 1024px\" \/><span aria-hidden=\"true\" class=\"wp-block-cover__background has-background-dim-0 has-background-dim\"><\/span><div class=\"wp-block-cover__inner-container is-layout-flow wp-block-cover-is-layout-flow\">\n\n<p class=\"has-text-align-center has-large-font-size\"><\/p>\n\n<\/div><\/div>\n\n\n\n<p>Wir freuen uns, unsere Eindr\u00fccke und Erlebnisse mit euch zu teilen \u2013 virtuell \u00fcber diesen Blog aber auch gern live auf unserer Reise. Wir werden die n\u00e4chsten Monate in der Karibik segeln, einem der sch\u00f6nsten Segelreviere der Welt. Wir werden dabei Biosph\u00e4renreservate, wie Tobago, Guadeloupe, Nevis St. Kitts und sp\u00e4ter auf Kuba besuchen, an tollen Kite- und Schnorchelspots wie z.B. den Tobago Keys vorbei fahren und uns dicht bewaldete Inseln wie Domenica oder St. Vincent anschauen. &nbsp;<\/p>\n\n\n\n<p>Die Biosphera hat 3 Doppelkabinen und theoretisch noch zwei Einzelkabinen, die wir aber als Lager nutzen. Wir k\u00f6nnen also bis zu vier Personen mitnehmen, mit 2-3 Mitsegler:innen ist es richtig entspannt. Die Doppelbetten sind nicht breit, es ist also eher etwas f\u00fcr Menschen die sich kennen und m\u00f6gen. Es gibt aber auch noch eine Bank im Salon und zwei B\u00e4nke im Au\u00dfenbereich auf denen man gut schlafen kann.<\/p>\n\n\n\n<p>Ihr m\u00fcsst nicht segeln k\u00f6nnen, um mitzufahren, die l\u00e4ngeren Strecken sind erst einmal vorbei. Die Anforderung liegt eher im allgemeinen Zusammenleben auf engem Raum.<\/p>\n\n\n\n<p>Da das Boot auch f\u00fcr uns mit hohen Kosten verbunden ist, freuen wir uns \u00fcber eine Kostenbeteiligung. Die H\u00f6he sollte irgendwo im Bereich von 350\u20ac &#8211; 700\u20ac pro Woche und Person liegen und richtet sich auch nach euren M\u00f6glichkeiten. Gerade, wenn man das Reisen auf dem Boot noch nicht kennt, ist eine Woche erst einmal ein guter Zeitraum, um das kennenzulernen.<\/p>\n\n\n\n<p>Wir passen unsere Route regelm\u00e4\u00dfig etwas an, im Folgenden findet ihr eine \u00dcbersicht \u00fcber die geplanten Abschnitte. Wenn ihr Interesse am Mitsegeln habt, k\u00f6nnen wir uns in Bezug auf Fl\u00fcge und M\u00f6glichkeiten des Zusteigens noch im Einzelne abstimmen.<\/p>\n\n\n\n<figure class=\"wp-block-table\"><table class=\"has-fixed-layout\"><tbody><tr><td><strong>Zeitraum<\/strong><\/td><td><strong>Gebiet<\/strong><\/td><\/tr><tr><td>Ende Januar<\/td><td>Barbados<\/td><\/tr><tr><td>Anfang bis Mitte Februar<\/td><td>Tobago<\/td><\/tr><tr><td>Mitte Februar bis Ende Februar<\/td><td>Grenada, Cariacou<\/td><\/tr><tr><td>Ende Februar bis Anfang M\u00e4rz<\/td><td>Grenadinen, St. Vincent<\/td><\/tr><tr><td>Anfang \/ Mitte M\u00e4rz<\/td><td>Martinique, Domenica<\/td><\/tr><tr><td>Mitte-Ende M\u00e4rz<\/td><td>Guadeloupe, Antigua, Barbuda<\/td><\/tr><tr><td>Anfang April<\/td><td>Nevis \/ St. Kitts<\/td><\/tr><tr><td>Mitte April<\/td><td>British Virgin Island<\/td><\/tr><tr><td>Mitte-Ende April<\/td><td>Puerto Rico \/ Domenikanische Rep.<\/td><\/tr><tr><td>Mai<\/td><td>Kuba<\/td><\/tr><tr><td>Juni<\/td><td>Mexiko und Belize<\/td><\/tr><tr><td>Juli<\/td><td>Rio Dulce, Guatemala<\/td><\/tr><\/tbody><\/table><\/figure>\n\n\n\n<p>Wenn ihr Interesse daran habt, uns auf einem Abschnitt zu begleiten, sendet uns bitte eine eMail an hello@biosphera.life .<\/p>\n\n\n\n<p><\/p>\n","protected":false},"excerpt":{"rendered":"<p>Wir freuen uns, unsere Eindr\u00fccke und Erlebnisse mit euch zu teilen \u2013 virtuell \u00fcber diesen Blog aber auch gern live auf unserer Reise. Wir werden die n\u00e4chsten Monate in der Karibik segeln, einem der sch\u00f6nsten Segelreviere der Welt. Wir werden dabei Biosph\u00e4renreservate, wie Tobago, Guadeloupe, Nevis St. Kitts und sp\u00e4ter auf Kuba besuchen, an tollen [&hellip;]<\/p>\n","protected":false},"author":1,"featured_media":0,"parent":0,"menu_order":0,"comment_status":"closed","ping_status":"open","template":"","meta":{"_uag_custom_page_level_css":"","site-sidebar-layout":"default","site-content-layout":"","ast-site-content-layout":"default","site-content-style":"default","site-sidebar-style":"default","ast-global-header-display":"","ast-banner-title-visibility":"","ast-main-header-display":"","ast-hfb-above-header-display":"","ast-hfb-below-header-display":"","ast-hfb-mobile-header-display":"","site-post-title":"","ast-breadcrumbs-content":"","ast-featured-img":"","footer-sml-layout":"","ast-disable-related-posts":"","theme-transparent-header-meta":"","adv-header-id-meta":"","stick-header-meta":"","header-above-stick-meta":"","header-main-stick-meta":"","header-below-stick-meta":"","astra-migrate-meta-layouts":"set","ast-page-background-enabled":"default","ast-page-background-meta":{"desktop":{"background-color":"","background-image":"","background-repeat":"repeat","background-position":"center center","background-size":"auto","background-attachment":"scroll","background-type":"","background-media":"","overlay-type":"","overlay-color":"","overlay-opacity":"","overlay-gradient":""},"tablet":{"background-color":"","background-image":"","background-repeat":"repeat","background-position":"center center","background-size":"auto","background-attachment":"scroll","background-type":"","background-media":"","overlay-type":"","overlay-color":"","overlay-opacity":"","overlay-gradient":""},"mobile":{"background-color":"","background-image":"","background-repeat":"repeat","background-position":"center center","background-size":"auto","background-attachment":"scroll","background-type":"","background-media":"","overlay-type":"","overlay-color":"","overlay-opacity":"","overlay-gradient":""}},"ast-content-background-meta":{"desktop":{"background-color":"var(--ast-global-color-5)","background-image":"","background-repeat":"repeat","background-position":"center center","background-size":"auto","background-attachment":"scroll","background-type":"","background-media":"","overlay-type":"","overlay-color":"","overlay-opacity":"","overlay-gradient":""},"tablet":{"background-color":"var(--ast-global-color-5)","background-image":"","background-repeat":"repeat","background-position":"center center","background-size":"auto","background-attachment":"scroll","background-type":"","background-media":"","overlay-type":"","overlay-color":"","overlay-opacity":"","overlay-gradient":""},"mobile":{"background-color":"var(--ast-global-color-5)","background-image":"","background-repeat":"repeat","background-position":"center center","background-size":"auto","background-attachment":"scroll","background-type":"","background-media":"","overlay-type":"","overlay-color":"","overlay-opacity":"","overlay-gradient":""}},"footnotes":""},"class_list":["post-2","page","type-page","status-publish","hentry"],"uagb_featured_image_src":{"full":false,"thumbnail":false,"medium":false,"medium_large":false,"large":false,"1536x1536":false,"2048x2048":false,"trp-custom-language-flag":false},"uagb_author_info":{"display_name":"Martin","author_link":"https:\/\/biosphera.life\/de_de\/author\/martin\/"},"uagb_comment_info":0,"uagb_excerpt":"Wir freuen uns, unsere Eindr\u00fccke und Erlebnisse mit euch zu teilen \u2013 virtuell \u00fcber diesen Blog aber auch gern live auf unserer Reise. Wir werden die n\u00e4chsten Monate in der Karibik segeln, einem der sch\u00f6nsten Segelreviere der Welt. Wir werden dabei Biosph\u00e4renreservate, wie Tobago, Guadeloupe, Nevis St. Kitts und sp\u00e4ter auf Kuba besuchen, an tollen&hellip;","_links":{"self":[{"href":"https:\/\/biosphera.life\/de_de\/wp-json\/wp\/v2\/pages\/2","targetHints":{"allow":["GET"]}}],"collection":[{"href":"https:\/\/biosphera.life\/de_de\/wp-json\/wp\/v2\/pages"}],"about":[{"href":"https:\/\/biosphera.life\/de_de\/wp-json\/wp\/v2\/types\/page"}],"author":[{"embeddable":true,"href":"https:\/\/biosphera.life\/de_de\/wp-json\/wp\/v2\/users\/1"}],"replies":[{"embeddable":true,"href":"https:\/\/biosphera.life\/de_de\/wp-json\/wp\/v2\/comments?post=2"}],"version-history":[{"count":8,"href":"https:\/\/biosphera.life\/de_de\/wp-json\/wp\/v2\/pages\/2\/revisions"}],"predecessor-version":[{"id":3441,"href":"https:\/\/biosphera.life\/de_de\/wp-json\/wp\/v2\/pages\/2\/revisions\/3441"}],"wp:attachment":[{"href":"https:\/\/biosphera.life\/de_de\/wp-json\/wp\/v2\/media?parent=2"}],"curies":[{"name":"wp","href":"https:\/\/api.w.org\/{rel}","templated":true}]}}