{"id":1720,"date":"2025-05-18T12:13:19","date_gmt":"2025-05-18T10:13:19","guid":{"rendered":"http:\/\/biosphera.life\/about\/"},"modified":"2026-02-01T12:50:17","modified_gmt":"2026-02-01T11:50:17","slug":"about","status":"publish","type":"page","link":"https:\/\/biosphera.life\/de_de\/about\/","title":{"rendered":"About"},"content":{"rendered":"\n<div class=\"wp-block-uagb-container uagb-block-3cccbad4 alignfull uagb-is-root-container\"><div class=\"uagb-container-inner-blocks-wrap\">\n<div class=\"wp-block-uagb-advanced-heading uagb-block-b2acb170\"><\/div>\n<\/div><\/div>\n\n\n\n<div class=\"wp-block-uagb-container uagb-layout-grid uagb-block-8fd792d8 alignfull uagb-is-root-container\"><div class=\"uagb-container-inner-blocks-wrap\">\n<div class=\"wp-block-uagb-container uagb-block-3cc4a0cb\">\n<div class=\"wp-block-columns is-layout-flex wp-container-core-columns-is-layout-28f84493 wp-block-columns-is-layout-flex\">\n<div class=\"wp-block-column is-layout-flow wp-block-column-is-layout-flow\" style=\"flex-basis:100%\">\n<div class=\"wp-block-uagb-info-box uagb-block-03af5882 uagb-infobox__content-wrap  uagb-infobox-icon-above-title uagb-infobox-image-valign-top wp-block-uagb-info-box--has-margin\"><div class=\"uagb-infobox-margin-wrapper\"><div class=\"uagb-ifb-content\"><div class=\"uagb-ifb-title-wrap\"><h4 class=\"uagb-ifb-title-prefix\">Martin &amp; Katja<\/h4><h2 class=\"uagb-ifb-title\">Willkommen<\/h2><\/div><p class=\"uagb-ifb-desc\"><strong>Prof. Dr. Katja Arzt<\/strong><br>Seit 2021 bin ich Professorin f\u00fcr Regionalentwicklung und soziale Prozesse und setze mich kontinuierlich mit Fragen auseinander, wie eine nachhaltige Regionalentwicklung mit und f\u00fcr die Menschen in Regionen entwickelt und st\u00e4ndig verbessert werden kann. Dabei lege ich den Fokus u. a. auf die Integration von Menschen. Hierbei sind insbesondere meine Erfahrungen mit Kommunikationsprozessen zu Konflikten mit Naturschutzthemen im l\u00e4ndlichen Raum hilfreich. Ich vermittle im Masterstudiengang \u201eNachhaltige Regionalentwicklung\u201c Moderationsmethoden und die Theorie und Anwendung von Partizipationsprozessen, ich lehre \u201eganzheitliches Projektmanagement\u201c anhand von Praxisbeispielen. Im Modul \u201eStakeholder communication in biosphere reserves\u201c setzten sich Studierende des internationalen Studiengangs \u201eBiosphere Reserves Management\u201c speziell mit Kommunikationsm\u00f6glichkeiten in Biosph\u00e4renreservaten weltweit auseinander.<br>Ich bin Diplom Agraringenieurin und ausgebildete Mediatorin. <br>Mit dem Segeln beginnt f\u00fcr mich ein neues Kapitel, das \u00d6kosystem Meer ist f\u00fcr mich neu, weil ich mich eher mit dem Land und deren Menschen befasste. Ich bin sehr neugierig was mich erwartet!<br><br>Mehr zu den Studieng\u00e4ngen, in denen ich lehre, findet ihr hier:<br><a href=\"https:\/\/www.hnee.de\/studium\/master\/nachhaltige-regionalentwicklung\">https:\/\/www.hnee.de\/studium\/master\/nachhaltige-regionalentwicklung<\/a><br><br><a href=\"https:\/\/www.hnee.de\/studium\/master\/biosphere-reserves-management\">https:\/\/www.hnee.de\/studium\/master\/biosphere-reserves-management<\/a><br><br><br>\u00a0<strong>Martin Hess<\/strong><br>In meiner beruflichen Laufbahn habe ich in unterschiedlichen Rollen in unterschiedlichen Umfeldern gearbeitet von Architektur und Planung \u00fcber Marketing und Beratung, \u00fcber Eink\u00e4ufer, Trainer und F\u00fchrungskraft in einem internationalen Unternehmen zum Moderator von Gruppen und Coach f\u00fcr Verhandlungen. <br>Ich segele seit meiner Kindheit, habe 2019 das erste Mal den Atlantik \u00fcberquert und arbeite seit 2022 als Skipper f\u00fcr Chartert\u00f6rns. Das Leben auf dem Boot bedeutet f\u00fcr mich Freiheit und Unabh\u00e4ngigkeit, ein Leben nahe an den Elementen und essenziellen Themen.<\/p><\/div><\/div><\/div>\n<\/div>\n<\/div>\n\n\n\n<h3 class=\"wp-block-heading\">Biosphera &#8211; unser Boot:<\/h3>\n\n\n\n<p>Unsere Biosphera ist eine Neel 43, der kleinste Trimaran der franz\u00f6sischen Werft Neel. Wir fahren unter franz\u00f6sischer Flagge.<\/p>\n\n\n\n<p>Im Folgenden ein paar Eckpunkte zum Boot, wenn ihr weiteres wissen wollt, werden wir das erg\u00e4nzen:<\/p>\n<\/div>\n\n\n\n<figure class=\"wp-block-image size-full is-resized\"><img loading=\"lazy\" decoding=\"async\" width=\"790\" height=\"600\" src=\"https:\/\/biosphera.life\/wp-content\/uploads\/2025\/06\/img_5571-e1753871702635.jpg\" alt=\"\" class=\"wp-image-2346\" style=\"width:461px;height:auto\" srcset=\"https:\/\/biosphera.life\/wp-content\/uploads\/2025\/06\/img_5571-e1753871702635.jpg 790w, https:\/\/biosphera.life\/wp-content\/uploads\/2025\/06\/img_5571-e1753871702635-300x228.jpg 300w, https:\/\/biosphera.life\/wp-content\/uploads\/2025\/06\/img_5571-e1753871702635-768x583.jpg 768w\" sizes=\"auto, (max-width: 790px) 100vw, 790px\" \/><figcaption class=\"wp-element-caption\">Die erste Testfahrt mit der Biosphera<\/figcaption><\/figure>\n\n\n\n<ul class=\"wp-block-list\">\n<li>L\u00e4nge \u00fcber alles: 12,50m<\/li>\n\n\n\n<li>Breite: 7,40m<\/li>\n\n\n\n<li>Tiefgang: 1,50m<\/li>\n\n\n\n<li>Verdr\u00e4ngung (leer): 9t<\/li>\n\n\n\n<li>Motor: Volvo Penta D2-50, 50PS<\/li>\n\n\n\n<li>Saildrive mit 2-Blatt Festpropeller (noch)<\/li>\n\n\n\n<li>Diesel: 280l<\/li>\n\n\n\n<li>Wasser: 480l<\/li>\n\n\n\n<li>Watermaker mit 105 l\/h bei 35A\/12V<\/li>\n\n\n\n<li>Warmwasserboiler mit 60l (nur unter Motor oder Landstrom)<\/li>\n\n\n\n<li>Energie: 5x200Ah Lithium-Batterien<\/li>\n\n\n\n<li>Solar: 1200W nominell (hatten wir noch nie&#8230;)<\/li>\n\n\n\n<li>1800W Inverter (12V &#8211;> 220V)<\/li>\n\n\n\n<li>Gasherd mit 2 Flammen + Ofen; 3kg Butangas<\/li>\n\n\n\n<li>Plancha mit 3 kg Butangas<\/li>\n\n\n\n<li>Besegelung: <\/li>\n\n\n\n<li>Gro\u00dfsegel: 60m\u00b2, 2 Reffs<\/li>\n\n\n\n<li>Genua 40m\u00b2, nicht selbstwendend<\/li>\n\n\n\n<li>Code D: 110m\u00b2<\/li>\n\n\n\n<li>Kabinen:<\/li>\n\n\n\n<li>3 Doppelkabinen mit Kojen zwischen 1,30m und 1,50m Breite und 2,00m L\u00e4nge<\/li>\n\n\n\n<li>2 Einzelkabinen<\/li>\n<\/ul>\n<\/div><\/div>\n","protected":false},"excerpt":{"rendered":"<p>Biosphera &#8211; unser Boot: Unsere Biosphera ist eine Neel 43, der kleinste Trimaran der franz\u00f6sischen Werft Neel. Wir fahren unter franz\u00f6sischer Flagge. Im Folgenden ein paar Eckpunkte zum Boot, wenn ihr weiteres wissen wollt, werden wir das erg\u00e4nzen:<\/p>\n","protected":false},"author":1,"featured_media":0,"parent":0,"menu_order":0,"comment_status":"closed","ping_status":"closed","template":"","meta":{"_uag_custom_page_level_css":"","site-sidebar-layout":"no-sidebar","site-content-layout":"plain-container","ast-site-content-layout":"normal-width-container","site-content-style":"unboxed","site-sidebar-style":"unboxed","ast-global-header-display":"","ast-banner-title-visibility":"","ast-main-header-display":"","ast-hfb-above-header-display":"","ast-hfb-below-header-display":"","ast-hfb-mobile-header-display":"","site-post-title":"disabled","ast-breadcrumbs-content":"","ast-featured-img":"disabled","footer-sml-layout":"","ast-disable-related-posts":"","theme-transparent-header-meta":"default","adv-header-id-meta":"","stick-header-meta":"","header-above-stick-meta":"","header-main-stick-meta":"","header-below-stick-meta":"","astra-migrate-meta-layouts":"set","ast-page-background-enabled":"default","ast-page-background-meta":{"desktop":{"background-color":"","background-image":"","background-repeat":"repeat","background-position":"center center","background-size":"auto","background-attachment":"scroll","background-type":"","background-media":"","overlay-type":"","overlay-color":"","overlay-opacity":"","overlay-gradient":""},"tablet":{"background-color":"","background-image":"","background-repeat":"repeat","background-position":"center center","background-size":"auto","background-attachment":"scroll","background-type":"","background-media":"","overlay-type":"","overlay-color":"","overlay-opacity":"","overlay-gradient":""},"mobile":{"background-color":"","background-image":"","background-repeat":"repeat","background-position":"center center","background-size":"auto","background-attachment":"scroll","background-type":"","background-media":"","overlay-type":"","overlay-color":"","overlay-opacity":"","overlay-gradient":""}},"ast-content-background-meta":{"desktop":{"background-color":"var(--ast-global-color-5)","background-image":"","background-repeat":"repeat","background-position":"center center","background-size":"auto","background-attachment":"scroll","background-type":"","background-media":"","overlay-type":"","overlay-color":"","overlay-opacity":"","overlay-gradient":""},"tablet":{"background-color":"var(--ast-global-color-5)","background-image":"","background-repeat":"repeat","background-position":"center center","background-size":"auto","background-attachment":"scroll","background-type":"","background-media":"","overlay-type":"","overlay-color":"","overlay-opacity":"","overlay-gradient":""},"mobile":{"background-color":"var(--ast-global-color-5)","background-image":"","background-repeat":"repeat","background-position":"center center","background-size":"auto","background-attachment":"scroll","background-type":"","background-media":"","overlay-type":"","overlay-color":"","overlay-opacity":"","overlay-gradient":""}},"footnotes":""},"class_list":["post-1720","page","type-page","status-publish","hentry"],"uagb_featured_image_src":{"full":false,"thumbnail":false,"medium":false,"medium_large":false,"large":false,"1536x1536":false,"2048x2048":false,"trp-custom-language-flag":false},"uagb_author_info":{"display_name":"Martin","author_link":"https:\/\/biosphera.life\/de_de\/author\/martin\/"},"uagb_comment_info":0,"uagb_excerpt":"Biosphera &#8211; unser Boot: Unsere Biosphera ist eine Neel 43, der kleinste Trimaran der franz\u00f6sischen Werft Neel. Wir fahren unter franz\u00f6sischer Flagge. Im Folgenden ein paar Eckpunkte zum Boot, wenn ihr weiteres wissen wollt, werden wir das erg\u00e4nzen:","_links":{"self":[{"href":"https:\/\/biosphera.life\/de_de\/wp-json\/wp\/v2\/pages\/1720","targetHints":{"allow":["GET"]}}],"collection":[{"href":"https:\/\/biosphera.life\/de_de\/wp-json\/wp\/v2\/pages"}],"about":[{"href":"https:\/\/biosphera.life\/de_de\/wp-json\/wp\/v2\/types\/page"}],"author":[{"embeddable":true,"href":"https:\/\/biosphera.life\/de_de\/wp-json\/wp\/v2\/users\/1"}],"replies":[{"embeddable":true,"href":"https:\/\/biosphera.life\/de_de\/wp-json\/wp\/v2\/comments?post=1720"}],"version-history":[{"count":9,"href":"https:\/\/biosphera.life\/de_de\/wp-json\/wp\/v2\/pages\/1720\/revisions"}],"predecessor-version":[{"id":3242,"href":"https:\/\/biosphera.life\/de_de\/wp-json\/wp\/v2\/pages\/1720\/revisions\/3242"}],"wp:attachment":[{"href":"https:\/\/biosphera.life\/de_de\/wp-json\/wp\/v2\/media?parent=1720"}],"curies":[{"name":"wp","href":"https:\/\/api.w.org\/{rel}","templated":true}]}}