{"id":1718,"date":"2025-05-18T12:13:18","date_gmt":"2025-05-18T10:13:18","guid":{"rendered":"http:\/\/biosphera.life\/home\/"},"modified":"2025-06-13T19:05:11","modified_gmt":"2025-06-13T17:05:11","slug":"home","status":"publish","type":"page","link":"https:\/\/biosphera.life\/de_de\/","title":{"rendered":"Home"},"content":{"rendered":"\n<div class=\"wp-block-uagb-container uagb-block-6c959d0c alignfull uagb-is-root-container\"><div class=\"uagb-container-inner-blocks-wrap\">\n<div class=\"wp-block-uagb-container uagb-block-b8120650\">\n<div class=\"wp-block-uagb-info-box uagb-block-c9855d8e uagb-infobox__content-wrap  uagb-infobox-icon-above-title uagb-infobox-image-valign-top wp-block-uagb-info-box--has-margin\"><div class=\"uagb-infobox-margin-wrapper\"><div class=\"uagb-ifb-content\"><div class=\"uagb-ifb-title-wrap\"><h2 class=\"uagb-ifb-title\">Der Ozean trennt die L\u00e4nder, nicht die Seelen.<\/h2><\/div><p class=\"uagb-ifb-desc\">Munia Khan<\/p><\/div><\/div><\/div>\n<\/div>\n<\/div><\/div>\n\n\n\n<figure class=\"wp-block-image size-full is-resized alignleft\"><img decoding=\"async\" src=\"http:\/\/biosphera.life\/wp-content\/uploads\/2025\/05\/IMG_0455-scaled.jpeg\" alt=\"\" style=\"width:392px;height:auto\"\/><\/figure>\n\n\n\n<div class=\"wp-block-uagb-info-box uagb-block-8912dc97 uagb-infobox__content-wrap  uagb-infobox-icon-above-title uagb-infobox-image-valign-top wp-block-uagb-info-box--has-margin\"><div class=\"uagb-infobox-margin-wrapper\"><div class=\"uagb-ifb-content\"><div class=\"uagb-ifb-icon-wrap\"><svg xmlns=\"https:\/\/www.w3.org\/2000\/svg\" viewBox=\"0 0 512 512\"><path d=\"M0 256C0 114.6 114.6 0 256 0C397.4 0 512 114.6 512 256C512 397.4 397.4 512 256 512C114.6 512 0 397.4 0 256zM371.8 211.8C382.7 200.9 382.7 183.1 371.8 172.2C360.9 161.3 343.1 161.3 332.2 172.2L224 280.4L179.8 236.2C168.9 225.3 151.1 225.3 140.2 236.2C129.3 247.1 129.3 264.9 140.2 275.8L204.2 339.8C215.1 350.7 232.9 350.7 243.8 339.8L371.8 211.8z\"><\/path><\/svg><\/div><div class=\"uagb-ifb-title-wrap\"><h2 class=\"uagb-ifb-title\">Unsere Idee<\/h2><\/div><p class=\"uagb-ifb-desc\">Unser Projekt widmet sich dem Miteinander von Mensch und Natur. Im Zentrum steht die Biosph\u00e4re \u2013 unser gemeinsamer Lebensraum \u2013 und besonders die UNESCO-Biosph\u00e4renreservate, in denen nachhaltiges Leben und Wirtschaften aktiv erprobt wird.<br>Wir reisen mit dem Segelboot zu diesen Orten, erz\u00e4hlen von Menschen, ihren Ideen, ihrem Alltag und ihrer Beziehung zur Natur. Dabei m\u00f6chten wir inspirierende Projekte sichtbar machen, leise Stimmen h\u00f6rbar werden lassen und zeigen, was Gemeinschaft, Ern\u00e4hrung, Wohnen und Naturverbindung bedeuten k\u00f6nnen.<br>Wir berichten in einem Blog, unterst\u00fctzen Initiativen vor Ort und bringen unser Wissen aus Forschung und Lehre ein. Als Teil eines internationalen Netzwerks m\u00f6chten wir dazu beitragen, neue Perspektiven zu er\u00f6ffnen \u2013 f\u00fcr eine nachhaltige Zukunft voller Respekt, Verbundenheit und gegenseitiger Unterst\u00fctzung.<br><\/p><\/div><\/div><\/div>\n\n\n\n<div class=\"wp-block-uagb-container uagb-layout-grid uagb-block-e48f4732 alignfull uagb-is-root-container\"><div class=\"uagb-container-inner-blocks-wrap\">\n<div class=\"wp-block-columns is-layout-flex wp-container-core-columns-is-layout-28f84493 wp-block-columns-is-layout-flex\">\n<div class=\"wp-block-column is-layout-flow wp-block-column-is-layout-flow\" style=\"flex-basis:100%\"><\/div>\n<\/div>\n<\/div><\/div>\n\n\n\n<div class=\"wp-block-uagb-container uagb-block-3c2b710f alignfull uagb-is-root-container\"><div class=\"uagb-container-inner-blocks-wrap\">\n<div class=\"wp-block-uagb-advanced-heading uagb-block-48c2f920\"><h2 class=\"uagb-heading-text\">Die neuesten Blogs<\/h2><\/div>\n\n\n\n\t\t\t<div class=\"wp-block-uagb-post-grid uagb-post-grid  uagb-post__image-position-top uagb-post__image-enabled uagb-block-f59c426d     uagb-post__items uagb-post__columns-3 is-grid uagb-post__columns-tablet-2 uagb-post__columns-mobile-1 uagb-post__equal-height\" data-total=\"14\" style=\"\">\n\n\t\t\t\t\t\t\t\t\t\t\t\t<article class=\"uagb-post__inner-wrap\">\t\t\t\t\t\t\t\t<div class='uagb-post__image'>\n\t\t\t\t\t\t\t\t\t<a href=\"https:\/\/biosphera.life\/de_de\/domenica-die-ueppige\/\" target=\"_self\" rel=\"bookmark noopener noreferrer\" class='uagb-image-ratio-2-3'><img loading=\"lazy\" decoding=\"async\" width=\"768\" height=\"1024\" src=\"https:\/\/biosphera.life\/wp-content\/uploads\/2026\/04\/img_8201-768x1024.jpg\" class=\"attachment-large size-large\" alt=\"\" srcset=\"https:\/\/biosphera.life\/wp-content\/uploads\/2026\/04\/img_8201-768x1024.jpg 768w, https:\/\/biosphera.life\/wp-content\/uploads\/2026\/04\/img_8201-225x300.jpg 225w, https:\/\/biosphera.life\/wp-content\/uploads\/2026\/04\/img_8201-1152x1536.jpg 1152w, https:\/\/biosphera.life\/wp-content\/uploads\/2026\/04\/img_8201-9x12.jpg 9w, https:\/\/biosphera.life\/wp-content\/uploads\/2026\/04\/img_8201.jpg 1500w\" sizes=\"auto, (max-width: 768px) 100vw, 768px\" \/>\t\t\t\t\t<\/a>\n\t\t\t\t\t\t\t<\/div>\n\t\t\t\t\t\t<h4 class=\"uagb-post__title uagb-post__text\">\n\t\t\t\t<a href=\"https:\/\/biosphera.life\/de_de\/domenica-die-ueppige\/\" target=\"_self\" rel=\"bookmark noopener noreferrer\">Domenica-die \u00dcppige<\/a>\n\t\t\t<\/h4>\n\t\t\t\t\t\t<div class='uagb-post__text uagb-post-grid-byline'>\n\t\t\t\t\t\t\t\t<span class=\"uagb-post__author\">\n\t\t\t\t\t\t\t\t\t<a href=\"https:\/\/biosphera.life\/de_de\/author\/katja\/\" title=\"Beitr\u00e4ge von Katja Arzt\" rel=\"author\">Katja Arzt<\/a>\t\t\t\t<\/span>\n\t\t\t\t\t\t\t<time datetime=\"2026-04-03T03:10:45+02:00\" class=\"uagb-post__date\">\n\t\t\t\t\t\t\t\t\t3. April 2026\t\t\t\t<\/time>\n\t\t\t\t\t\t<\/div>\n\t\t\t\t\t\t\t<div class='uagb-post__text uagb-post__excerpt'>\n\t\t\t\t\t<p>In diesem Podcast geht es um Domenica, diese Insel ist so \u00fcppig gr\u00fcn, voll mit&#8230;\t\t\t\t<\/div>\n\t\t\t\t\t\t<div class=\"uagb-post__text uagb-post__cta wp-block-button\">\n\t\t\t\t<a class=\"wp-block-button__link uagb-text-link\" style=\"\" href=\"https:\/\/biosphera.life\/de_de\/domenica-die-ueppige\/\" target=\"_self\" rel=\"bookmark noopener noreferrer\">Weiterlesen<\/a>\n\t\t\t<\/div>\n\t\t\t\n\t\t\t\t\t\t\t\t\t<\/article>\n\t\t\t\t\t\t\t\t\t\t\t\t\t\t\t\t<article class=\"uagb-post__inner-wrap\">\t\t\t\t\t\t\t\t<div class='uagb-post__image'>\n\t\t\t\t\t\t\t\t\t<a href=\"https:\/\/biosphera.life\/de_de\/landgang-martinique\/\" target=\"_self\" rel=\"bookmark noopener noreferrer\" class='uagb-image-ratio-2-3'><img loading=\"lazy\" decoding=\"async\" width=\"1024\" height=\"768\" src=\"https:\/\/biosphera.life\/wp-content\/uploads\/2026\/03\/img_0645-1024x768.jpg\" class=\"attachment-large size-large\" alt=\"\" srcset=\"https:\/\/biosphera.life\/wp-content\/uploads\/2026\/03\/img_0645-1024x768.jpg 1024w, https:\/\/biosphera.life\/wp-content\/uploads\/2026\/03\/img_0645-300x225.jpg 300w, https:\/\/biosphera.life\/wp-content\/uploads\/2026\/03\/img_0645-768x576.jpg 768w, https:\/\/biosphera.life\/wp-content\/uploads\/2026\/03\/img_0645-1536x1152.jpg 1536w, https:\/\/biosphera.life\/wp-content\/uploads\/2026\/03\/img_0645-16x12.jpg 16w, https:\/\/biosphera.life\/wp-content\/uploads\/2026\/03\/img_0645.jpg 2000w\" sizes=\"auto, (max-width: 1024px) 100vw, 1024px\" \/>\t\t\t\t\t<\/a>\n\t\t\t\t\t\t\t<\/div>\n\t\t\t\t\t\t<h4 class=\"uagb-post__title uagb-post__text\">\n\t\t\t\t<a href=\"https:\/\/biosphera.life\/de_de\/landgang-martinique\/\" target=\"_self\" rel=\"bookmark noopener noreferrer\">Landgang Martinique<\/a>\n\t\t\t<\/h4>\n\t\t\t\t\t\t<div class='uagb-post__text uagb-post-grid-byline'>\n\t\t\t\t\t\t\t\t<span class=\"uagb-post__author\">\n\t\t\t\t\t\t\t\t\t<a href=\"https:\/\/biosphera.life\/de_de\/author\/katja\/\" title=\"Beitr\u00e4ge von Katja Arzt\" rel=\"author\">Katja Arzt<\/a>\t\t\t\t<\/span>\n\t\t\t\t\t\t\t<time datetime=\"2026-03-24T01:49:05+01:00\" class=\"uagb-post__date\">\n\t\t\t\t\t\t\t\t\t24. M\u00e4rz 2026\t\t\t\t<\/time>\n\t\t\t\t\t\t<\/div>\n\t\t\t\t\t\t\t<div class='uagb-post__text uagb-post__excerpt'>\n\t\t\t\t\t<p>Zu meinem Geburtstag g\u00f6nnen wir uns pneumatische Architektur im Regenwald, begleitet von Schweinen und Vogelzwitschern:&#8230;\t\t\t\t<\/div>\n\t\t\t\t\t\t<div class=\"uagb-post__text uagb-post__cta wp-block-button\">\n\t\t\t\t<a class=\"wp-block-button__link uagb-text-link\" style=\"\" href=\"https:\/\/biosphera.life\/de_de\/landgang-martinique\/\" target=\"_self\" rel=\"bookmark noopener noreferrer\">Weiterlesen<\/a>\n\t\t\t<\/div>\n\t\t\t\n\t\t\t\t\t\t\t\t\t<\/article>\n\t\t\t\t\t\t\t\t\t\t\t\t\t\t\t\t<article class=\"uagb-post__inner-wrap\">\t\t\t\t\t\t\t\t<div class='uagb-post__image'>\n\t\t\t\t\t\t\t\t\t<a href=\"https:\/\/biosphera.life\/de_de\/tobago-cays\/\" target=\"_self\" rel=\"bookmark noopener noreferrer\" class='uagb-image-ratio-2-3'><img loading=\"lazy\" decoding=\"async\" width=\"1024\" height=\"768\" src=\"https:\/\/biosphera.life\/wp-content\/uploads\/2026\/03\/img_0452-1024x768.jpg\" class=\"attachment-large size-large\" alt=\"\" srcset=\"https:\/\/biosphera.life\/wp-content\/uploads\/2026\/03\/img_0452-1024x768.jpg 1024w, https:\/\/biosphera.life\/wp-content\/uploads\/2026\/03\/img_0452-300x225.jpg 300w, https:\/\/biosphera.life\/wp-content\/uploads\/2026\/03\/img_0452-768x576.jpg 768w, https:\/\/biosphera.life\/wp-content\/uploads\/2026\/03\/img_0452-1536x1152.jpg 1536w, https:\/\/biosphera.life\/wp-content\/uploads\/2026\/03\/img_0452-16x12.jpg 16w, https:\/\/biosphera.life\/wp-content\/uploads\/2026\/03\/img_0452.jpg 2000w\" sizes=\"auto, (max-width: 1024px) 100vw, 1024px\" \/>\t\t\t\t\t<\/a>\n\t\t\t\t\t\t\t<\/div>\n\t\t\t\t\t\t<h4 class=\"uagb-post__title uagb-post__text\">\n\t\t\t\t<a href=\"https:\/\/biosphera.life\/de_de\/tobago-cays\/\" target=\"_self\" rel=\"bookmark noopener noreferrer\">Tobago Cays<\/a>\n\t\t\t<\/h4>\n\t\t\t\t\t\t<div class='uagb-post__text uagb-post-grid-byline'>\n\t\t\t\t\t\t\t\t<span class=\"uagb-post__author\">\n\t\t\t\t\t\t\t\t\t<a href=\"https:\/\/biosphera.life\/de_de\/author\/katja\/\" title=\"Beitr\u00e4ge von Katja Arzt\" rel=\"author\">Katja Arzt<\/a>\t\t\t\t<\/span>\n\t\t\t\t\t\t\t<time datetime=\"2026-03-15T00:34:08+01:00\" class=\"uagb-post__date\">\n\t\t\t\t\t\t\t\t\t15. M\u00e4rz 2026\t\t\t\t<\/time>\n\t\t\t\t\t\t<\/div>\n\t\t\t\t\t\t\t<div class='uagb-post__text uagb-post__excerpt'>\n\t\t\t\t\t<p>Das ist jetzt ein etwas l\u00e4ngerer Podcast mit unserem Reisebericht von St. Vincent und den&#8230;\t\t\t\t<\/div>\n\t\t\t\t\t\t<div class=\"uagb-post__text uagb-post__cta wp-block-button\">\n\t\t\t\t<a class=\"wp-block-button__link uagb-text-link\" style=\"\" href=\"https:\/\/biosphera.life\/de_de\/tobago-cays\/\" target=\"_self\" rel=\"bookmark noopener noreferrer\">Weiterlesen<\/a>\n\t\t\t<\/div>\n\t\t\t\n\t\t\t\t\t\t\t\t\t<\/article>\n\t\t\t\t\t\t\t\t\t\t\t<\/div>\n\t\t\t<\/div><\/div>\n","protected":false},"excerpt":{"rendered":"<p>Die neuesten Blogs<\/p>\n","protected":false},"author":1,"featured_media":0,"parent":0,"menu_order":0,"comment_status":"closed","ping_status":"closed","template":"","meta":{"_uag_custom_page_level_css":"","site-sidebar-layout":"default","site-content-layout":"plain-container","ast-site-content-layout":"normal-width-container","site-content-style":"unboxed","site-sidebar-style":"unboxed","ast-global-header-display":"","ast-banner-title-visibility":"","ast-main-header-display":"","ast-hfb-above-header-display":"","ast-hfb-below-header-display":"","ast-hfb-mobile-header-display":"","site-post-title":"disabled","ast-breadcrumbs-content":"","ast-featured-img":"disabled","footer-sml-layout":"","ast-disable-related-posts":"","theme-transparent-header-meta":"default","adv-header-id-meta":"","stick-header-meta":"","header-above-stick-meta":"","header-main-stick-meta":"","header-below-stick-meta":"","astra-migrate-meta-layouts":"set","ast-page-background-enabled":"default","ast-page-background-meta":{"desktop":{"background-color":"","background-image":"","background-repeat":"repeat","background-position":"center center","background-size":"auto","background-attachment":"scroll","background-type":"","background-media":"","overlay-type":"","overlay-color":"","overlay-opacity":"","overlay-gradient":""},"tablet":{"background-color":"","background-image":"","background-repeat":"repeat","background-position":"center center","background-size":"auto","background-attachment":"scroll","background-type":"","background-media":"","overlay-type":"","overlay-color":"","overlay-opacity":"","overlay-gradient":""},"mobile":{"background-color":"","background-image":"","background-repeat":"repeat","background-position":"center center","background-size":"auto","background-attachment":"scroll","background-type":"","background-media":"","overlay-type":"","overlay-color":"","overlay-opacity":"","overlay-gradient":""}},"ast-content-background-meta":{"desktop":{"background-color":"var(--ast-global-color-5)","background-image":"","background-repeat":"repeat","background-position":"center center","background-size":"auto","background-attachment":"scroll","background-type":"","background-media":"","overlay-type":"","overlay-color":"","overlay-opacity":"","overlay-gradient":""},"tablet":{"background-color":"var(--ast-global-color-5)","background-image":"","background-repeat":"repeat","background-position":"center center","background-size":"auto","background-attachment":"scroll","background-type":"","background-media":"","overlay-type":"","overlay-color":"","overlay-opacity":"","overlay-gradient":""},"mobile":{"background-color":"var(--ast-global-color-5)","background-image":"","background-repeat":"repeat","background-position":"center center","background-size":"auto","background-attachment":"scroll","background-type":"","background-media":"","overlay-type":"","overlay-color":"","overlay-opacity":"","overlay-gradient":""}},"footnotes":""},"class_list":["post-1718","page","type-page","status-publish","hentry"],"uagb_featured_image_src":{"full":false,"thumbnail":false,"medium":false,"medium_large":false,"large":false,"1536x1536":false,"2048x2048":false,"trp-custom-language-flag":false},"uagb_author_info":{"display_name":"Martin","author_link":"https:\/\/biosphera.life\/de_de\/author\/martin\/"},"uagb_comment_info":0,"uagb_excerpt":"Die neuesten Blogs","_links":{"self":[{"href":"https:\/\/biosphera.life\/de_de\/wp-json\/wp\/v2\/pages\/1718","targetHints":{"allow":["GET"]}}],"collection":[{"href":"https:\/\/biosphera.life\/de_de\/wp-json\/wp\/v2\/pages"}],"about":[{"href":"https:\/\/biosphera.life\/de_de\/wp-json\/wp\/v2\/types\/page"}],"author":[{"embeddable":true,"href":"https:\/\/biosphera.life\/de_de\/wp-json\/wp\/v2\/users\/1"}],"replies":[{"embeddable":true,"href":"https:\/\/biosphera.life\/de_de\/wp-json\/wp\/v2\/comments?post=1718"}],"version-history":[{"count":9,"href":"https:\/\/biosphera.life\/de_de\/wp-json\/wp\/v2\/pages\/1718\/revisions"}],"predecessor-version":[{"id":2574,"href":"https:\/\/biosphera.life\/de_de\/wp-json\/wp\/v2\/pages\/1718\/revisions\/2574"}],"wp:attachment":[{"href":"https:\/\/biosphera.life\/de_de\/wp-json\/wp\/v2\/media?parent=1718"}],"curies":[{"name":"wp","href":"https:\/\/api.w.org\/{rel}","templated":true}]}}